{"id":2129,"date":"2023-01-18T21:21:50","date_gmt":"2023-01-18T20:21:50","guid":{"rendered":"https:\/\/estellehaussner.com\/contact\/"},"modified":"2023-03-15T13:52:34","modified_gmt":"2023-03-15T12:52:34","slug":"contact","status":"publish","type":"page","link":"https:\/\/estellehaussner.com\/fr\/contact\/","title":{"rendered":"Contact"},"content":{"rendered":"<p>[et_pb_section fb_built=\u00a0\u00bb1&Prime; module_id=\u00a0\u00bbherosection\u00a0\u00bb _builder_version=\u00a0\u00bb4.19.4&Prime; _module_preset=\u00a0\u00bbdefault\u00a0\u00bb background_image=\u00a0\u00bbhttps:\/\/estellehaussner.com\/wp-content\/uploads\/2023\/01\/Web-EH-3-1.jpg\u00a0\u00bb parallax=\u00a0\u00bbon\u00a0\u00bb parallax_method=\u00a0\u00bboff\u00a0\u00bb height=\u00a0\u00bb700px\u00a0\u00bb custom_margin_tablet=\u00a0\u00bb\u00a0\u00bb custom_margin_phone=\u00a0\u00bb-25px||||false|false\u00a0\u00bb custom_margin_last_edited=\u00a0\u00bbon|phone\u00a0\u00bb global_colors_info=\u00a0\u00bb{}\u00a0\u00bb][\/et_pb_section][et_pb_section fb_built=\u00a0\u00bb1&Prime; _builder_version=\u00a0\u00bb4.19.4&Prime; _module_preset=\u00a0\u00bbdefault\u00a0\u00bb custom_padding=\u00a0\u00bb0px||0px||false|false\u00a0\u00bb global_colors_info=\u00a0\u00bb{}\u00a0\u00bb][et_pb_row _builder_version=\u00a0\u00bb4.19.4&Prime; _module_preset=\u00a0\u00bbdefault\u00a0\u00bb module_alignment=\u00a0\u00bbcenter\u00a0\u00bb custom_margin=\u00a0\u00bb0px||150px||false|false\u00a0\u00bb global_colors_info=\u00a0\u00bb{}\u00a0\u00bb][et_pb_column type=\u00a0\u00bb4_4&Prime; _builder_version=\u00a0\u00bb4.19.4&Prime; _module_preset=\u00a0\u00bbdefault\u00a0\u00bb global_colors_info=\u00a0\u00bb{}\u00a0\u00bb][et_pb_text _builder_version=\u00a0\u00bb4.20.1&Prime; _module_preset=\u00a0\u00bbdefault\u00a0\u00bb background_color=\u00a0\u00bb#BF2431&Prime; positioning=\u00a0\u00bbabsolute\u00a0\u00bb position_origin_a=\u00a0\u00bbtop_right\u00a0\u00bb vertical_offset=\u00a0\u00bb-170px\u00a0\u00bb text_orientation=\u00a0\u00bbcenter\u00a0\u00bb width=\u00a0\u00bb340px\u00a0\u00bb height=\u00a0\u00bb340px\u00a0\u00bb custom_margin=\u00a0\u00bb||||false|false\u00a0\u00bb custom_padding=\u00a0\u00bb||||false|false\u00a0\u00bb scroll_rotating_enable=\u00a0\u00bbon\u00a0\u00bb hover_enabled=\u00a0\u00bb0&Prime; module_alignment_tablet=\u00a0\u00bbright\u00a0\u00bb module_alignment_phone=\u00a0\u00bbcenter\u00a0\u00bb module_alignment_last_edited=\u00a0\u00bbon|phone\u00a0\u00bb custom_css_main_element=\u00a0\u00bbDisplay: flex;||justify-content: center;||align-items: center;||margin: auto;||padding-right: 30px;\u00a0\u00bb border_radii=\u00a0\u00bbon|50%|50%|50%|50%\u00a0\u00bb border_width_all=\u00a0\u00bb20px\u00a0\u00bb border_color_all=\u00a0\u00bb#ffffff\u00a0\u00bb global_colors_info=\u00a0\u00bb{}\u00a0\u00bb sticky_enabled=\u00a0\u00bb0&Prime;]<\/p>\n<h1>Contact<\/h1>\n<p>[\/et_pb_text][\/et_pb_column][\/et_pb_row][\/et_pb_section][et_pb_section fb_built=\u00a0\u00bb1&Prime; _builder_version=\u00a0\u00bb4.19.4&Prime; _module_preset=\u00a0\u00bbdefault\u00a0\u00bb custom_padding=\u00a0\u00bb||0px||false|false\u00a0\u00bb background_last_edited=\u00a0\u00bbon|phone\u00a0\u00bb background_mask_horizontal_offset_tablet=\u00a0\u00bb69%\u00a0\u00bb background_mask_horizontal_offset_phone=\u00a0\u00bb61%\u00a0\u00bb global_colors_info=\u00a0\u00bb{}\u00a0\u00bb][et_pb_row _builder_version=\u00a0\u00bb4.19.4&Prime; _module_preset=\u00a0\u00bbdefault\u00a0\u00bb width_tablet=\u00a0\u00bb\u00a0\u00bb width_phone=\u00a0\u00bb96%\u00a0\u00bb width_last_edited=\u00a0\u00bbon|phone\u00a0\u00bb global_colors_info=\u00a0\u00bb{}\u00a0\u00bb][et_pb_column type=\u00a0\u00bb4_4&Prime; _builder_version=\u00a0\u00bb4.19.4&Prime; _module_preset=\u00a0\u00bbdefault\u00a0\u00bb global_colors_info=\u00a0\u00bb{}\u00a0\u00bb][et_pb_text _builder_version=\u00a0\u00bb4.19.4&Prime; _module_preset=\u00a0\u00bbdefault\u00a0\u00bb global_colors_info=\u00a0\u00bb{}\u00a0\u00bb]<\/p>\n<h2> Formulaire de contact<\/h2>\n<p>[\/et_pb_text][et_pb_divider color=\u00a0\u00bb#BF2431&Prime; divider_weight=\u00a0\u00bb3px\u00a0\u00bb _builder_version=\u00a0\u00bb4.19.4&Prime; _module_preset=\u00a0\u00bbdefault\u00a0\u00bb width=\u00a0\u00bb100px\u00a0\u00bb module_alignment=\u00a0\u00bbcenter\u00a0\u00bb custom_margin=\u00a0\u00bb-30px||||false|false\u00a0\u00bb animation_style=\u00a0\u00bbslide\u00a0\u00bb global_colors_info=\u00a0\u00bb{}\u00a0\u00bb][\/et_pb_divider][\/et_pb_column][\/et_pb_row][\/et_pb_section][et_pb_section fb_built=\u00a0\u00bb1&Prime; custom_padding_last_edited=\u00a0\u00bbon|tablet\u00a0\u00bb _builder_version=\u00a0\u00bb4.19.4&Prime; _module_preset=\u00a0\u00bbdefault\u00a0\u00bb background_enable_mask_style=\u00a0\u00bbon\u00a0\u00bb background_mask_style=\u00a0\u00bbarch\u00a0\u00bb background_mask_color=\u00a0\u00bb#BD9B80&Prime; background_mask_transform=\u00a0\u00bbinvert|flip_vertical|flip_horizontal\u00a0\u00bb background_mask_size=\u00a0\u00bbcover\u00a0\u00bb background_mask_position=\u00a0\u00bbcenter_left\u00a0\u00bb background_mask_horizontal_offset=\u00a0\u00bb40%\u00a0\u00bb custom_padding_tablet=\u00a0\u00bb0px||||false|false\u00a0\u00bb custom_padding_phone=\u00a0\u00bb0px||||false|false\u00a0\u00bb background_last_edited=\u00a0\u00bbon|tablet\u00a0\u00bb background_enable_mask_style_tablet=\u00a0\u00bboff\u00a0\u00bb background_mask_horizontal_offset_tablet=\u00a0\u00bb69%\u00a0\u00bb background_mask_horizontal_offset_phone=\u00a0\u00bb61%\u00a0\u00bb global_colors_info=\u00a0\u00bb{}\u00a0\u00bb][et_pb_row column_structure=\u00a0\u00bb1_2,1_2&Prime; make_equal=\u00a0\u00bbon\u00a0\u00bb _builder_version=\u00a0\u00bb4.19.4&Prime; _module_preset=\u00a0\u00bbdefault\u00a0\u00bb background_enable_image=\u00a0\u00bboff\u00a0\u00bb custom_padding=\u00a0\u00bb0px||||false|false\u00a0\u00bb global_colors_info=\u00a0\u00bb{}\u00a0\u00bb][et_pb_column type=\u00a0\u00bb1_2&Prime; _builder_version=\u00a0\u00bb4.19.4&Prime; _module_preset=\u00a0\u00bbdefault\u00a0\u00bb global_colors_info=\u00a0\u00bb{}\u00a0\u00bb][et_pb_image src=\u00a0\u00bbhttps:\/\/estellehaussner.com\/wp-content\/uploads\/2023\/02\/EstelleHaussner@AnneHornemann_11-e1675762220694.jpg\u00a0\u00bb title_text=\u00a0\u00bbEstelleHaussner@AnneHornemann_11&Prime; disabled_on=\u00a0\u00bbon|on|off\u00a0\u00bb _builder_version=\u00a0\u00bb4.19.4&Prime; _module_preset=\u00a0\u00bbdefault\u00a0\u00bb custom_margin_tablet=\u00a0\u00bb||40px||false|false\u00a0\u00bb custom_margin_phone=\u00a0\u00bb||40px||false|false\u00a0\u00bb custom_margin_last_edited=\u00a0\u00bbon|tablet\u00a0\u00bb animation_style=\u00a0\u00bbslide\u00a0\u00bb animation_direction=\u00a0\u00bbleft\u00a0\u00bb animation_intensity_slide=\u00a0\u00bb10%\u00a0\u00bb border_width_bottom=\u00a0\u00bb20px\u00a0\u00bb border_color_bottom=\u00a0\u00bb#BF2431&Prime; global_colors_info=\u00a0\u00bb{}\u00a0\u00bb][\/et_pb_image][\/et_pb_column][et_pb_column type=\u00a0\u00bb1_2&Prime; _builder_version=\u00a0\u00bb4.19.4&Prime; _module_preset=\u00a0\u00bbdefault\u00a0\u00bb global_colors_info=\u00a0\u00bb{}\u00a0\u00bb][dvppl_cf7_styler form_bg=\u00a0\u00bbRGBA(255,255,255,0)\u00a0\u00bb cf7=\u00a0\u00bb46&Prime; form_background_color=\u00a0\u00bb#ffffff\u00a0\u00bb form_field_active_color=\u00a0\u00bbrgba(33,19,14,0.1)\u00a0\u00bb form_field_spacing=\u00a0\u00bb5px\u00a0\u00bb form_label_spacing=\u00a0\u00bb4px\u00a0\u00bb cr_custom_styles=\u00a0\u00bbon\u00a0\u00bb cr_border_size=\u00a0\u00bb2px\u00a0\u00bb cf7_success_border_color=\u00a0\u00bb#21130E\u00a0\u00bb cf7_error_message_color=\u00a0\u00bb#BF2431&Prime; _builder_version=\u00a0\u00bb4.19.4&Prime; _module_preset=\u00a0\u00bbdefault\u00a0\u00bb form_field_font_text_color=\u00a0\u00bb#21130E\u00a0\u00bb form_field_font_font_size=\u00a0\u00bb20px\u00a0\u00bb form_field_font_line_height=\u00a0\u00bb1.6em\u00a0\u00bb labels_font=\u00a0\u00bb||||||||\u00a0\u00bb labels_text_color=\u00a0\u00bb#21130E\u00a0\u00bb labels_font_size=\u00a0\u00bb20px\u00a0\u00bb labels_line_height=\u00a0\u00bb1.6em\u00a0\u00bb custom_submit_button=\u00a0\u00bbon\u00a0\u00bb submit_button_text_size=\u00a0\u00bb20px\u00a0\u00bb submit_button_text_color=\u00a0\u00bb#FFFFFF\u00a0\u00bb submit_button_bg_color=\u00a0\u00bb#21130E\u00a0\u00bb submit_button_border_width=\u00a0\u00bb0px\u00a0\u00bb submit_button_border_radius=\u00a0\u00bb4px\u00a0\u00bb submit_button_letter_spacing=\u00a0\u00bb2px\u00a0\u00bb submit_button_font=\u00a0\u00bb|600||on|||||\u00a0\u00bb submit_button_custom_padding=\u00a0\u00bb15px|25px|15px|25px|true|true\u00a0\u00bb module_alignment=\u00a0\u00bbcenter\u00a0\u00bb custom_padding=\u00a0\u00bb||10px||false|false\u00a0\u00bb border_width_all_field=\u00a0\u00bb1px\u00a0\u00bb border_width_bottom_field=\u00a0\u00bb2px\u00a0\u00bb border_color_bottom_field=\u00a0\u00bb#21130E\u00a0\u00bb border_style_bottom_field=\u00a0\u00bbsolid\u00a0\u00bb global_colors_info=\u00a0\u00bb{}\u00a0\u00bb submit_button_bg_color__hover_enabled=\u00a0\u00bbon|hover\u00a0\u00bb submit_button_bg_color__hover=\u00a0\u00bb#BF2431&Prime; submit_button_bg_enable_color__hover=\u00a0\u00bbon\u00a0\u00bb][\/dvppl_cf7_styler][et_pb_blurb title=\u00a0\u00bbNote d&rsquo;information sur la protection des donn\u00e9es\u00a0\u00bb use_icon=\u00a0\u00bbon\u00a0\u00bb font_icon=\u00a0\u00bb&#xe06c;||divi||400&Prime; icon_color=\u00a0\u00bb#FFFFFF\u00a0\u00bb image_icon_background_color=\u00a0\u00bb#BF2431&Prime; icon_placement=\u00a0\u00bbleft\u00a0\u00bb image_icon_width=\u00a0\u00bb20px\u00a0\u00bb content_max_width=\u00a0\u00bb1100px\u00a0\u00bb module_class=\u00a0\u00bbdatenschutz\u00a0\u00bb _builder_version=\u00a0\u00bb4.20.0&Prime; _module_preset=\u00a0\u00bbdefault\u00a0\u00bb header_font=\u00a0\u00bbavenir light||||||||\u00a0\u00bb header_font_size=\u00a0\u00bb20px\u00a0\u00bb header_line_height=\u00a0\u00bb1.5em\u00a0\u00bb body_font=\u00a0\u00bbPhilosopher||||||||\u00a0\u00bb image_icon_custom_padding=\u00a0\u00bb7px|8px|8px|8px|false|true\u00a0\u00bb module_alignment=\u00a0\u00bbleft\u00a0\u00bb custom_margin=\u00a0\u00bb0px||||false|false\u00a0\u00bb custom_padding=\u00a0\u00bb0px||||false|false\u00a0\u00bb custom_css_blurb_title=\u00a0\u00bbpadding-left: 13px;\u00a0\u00bb border_radii_image=\u00a0\u00bbon|50%|50%|50%|50%\u00a0\u00bb global_colors_info=\u00a0\u00bb{}\u00a0\u00bb]<\/p>\n<div class=\"et_pb_module et_pb_blurb et_pb_blurb_0 datenschutz et_pb_text_align_left et_pb_blurb_position_top et_pb_bg_layout_light et_had_animation\">\n<div class=\"et_pb_blurb_content\">\n<div class=\"et_pb_blurb_container\">\n<div class=\"et_pb_blurb_description\">\n<p>Votre message est envoy\u00e9 par le formulaire de contact et est crypt\u00e9 par https au serveur de mon fournisseur d&rsquo;h\u00e9bergement. J&rsquo;utiliserai vos donn\u00e9es pour r\u00e9pondre \u00e0 votre demande. Veuillez consulter ma d\u00e9claration de protection des donn\u00e9es et les informations sur la r\u00e9vocation.<\/p>\n<\/div>\n<\/div>\n<\/div>\n<\/div>\n<p>[\/et_pb_blurb][\/et_pb_column][\/et_pb_row][\/et_pb_section]<\/p>\n","protected":false},"excerpt":{"rendered":"<p>Contact Formulaire de contact<div class=\"et_pb_module dvppl_cf7_styler dvppl_cf7_styler_0\">\n\t\t\t\t\n\t\t\t\t\n\t\t\t\t\n\t\t\t\t\n\t\t\t\t\n\t\t\t\t\n\t\t\t\t<div class=\"et_pb_module_inner\">\n\t\t\t\t\t<div class=\"dipe-cf7-container dipe-cf7-button-left\">\n\t\t\t\t\n\t\t\t\t<div class=\"dipe-cf7 dipe-cf7-styler \">\n\t\t\t\t\t[contact-form-7 404 \"Non trouv\u00e9\"]\n\t\t\t\t<\/div>\n\t\t\t<\/div>\n\t\t\t\t<\/div>\n\t\t\t<\/div><\/p>\n","protected":false},"author":1,"featured_media":0,"parent":0,"menu_order":0,"comment_status":"closed","ping_status":"closed","template":"","meta":{"_et_pb_use_builder":"on","_et_pb_old_content":"","_et_gb_content_width":"","footnotes":""},"class_list":["post-2129","page","type-page","status-publish","hentry"],"yoast_head":"<!-- This site is optimized with the Yoast SEO plugin v20.3 - https:\/\/yoast.com\/wordpress\/plugins\/seo\/ -->\n<title>Contact - Estelle Haussner<\/title>\n<meta name=\"description\" content=\"Contactez-moi par mon formulaire et par e-mail\" \/>\n<meta name=\"robots\" content=\"index, follow, max-snippet:-1, max-image-preview:large, max-video-preview:-1\" \/>\n<link rel=\"canonical\" href=\"https:\/\/estellehaussner.com\/fr\/contact\/\" \/>\n<meta property=\"og:locale\" content=\"fr_FR\" \/>\n<meta property=\"og:type\" content=\"article\" \/>\n<meta property=\"og:title\" content=\"Contact - Estelle Haussner\" \/>\n<meta property=\"og:description\" content=\"Contactez-moi par mon formulaire et par e-mail\" \/>\n<meta property=\"og:url\" content=\"https:\/\/estellehaussner.com\/fr\/contact\/\" \/>\n<meta property=\"og:site_name\" content=\"Estelle Haussner\" \/>\n<meta property=\"article:modified_time\" content=\"2023-03-15T12:52:34+00:00\" \/>\n<meta name=\"twitter:card\" content=\"summary_large_image\" \/>\n<meta name=\"twitter:label1\" content=\"Dur\u00e9e de lecture estim\u00e9e\" \/>\n\t<meta name=\"twitter:data1\" content=\"4 minutes\" \/>\n<script type=\"application\/ld+json\" class=\"yoast-schema-graph\">{\"@context\":\"https:\/\/schema.org\",\"@graph\":[{\"@type\":\"WebPage\",\"@id\":\"https:\/\/estellehaussner.com\/fr\/contact\/\",\"url\":\"https:\/\/estellehaussner.com\/fr\/contact\/\",\"name\":\"Contact - Estelle Haussner\",\"isPartOf\":{\"@id\":\"https:\/\/estellehaussner.com\/fr\/#website\"},\"datePublished\":\"2023-01-18T20:21:50+00:00\",\"dateModified\":\"2023-03-15T12:52:34+00:00\",\"description\":\"Contactez-moi par mon formulaire et par e-mail\",\"breadcrumb\":{\"@id\":\"https:\/\/estellehaussner.com\/fr\/contact\/#breadcrumb\"},\"inLanguage\":\"fr-FR\",\"potentialAction\":[{\"@type\":\"ReadAction\",\"target\":[\"https:\/\/estellehaussner.com\/fr\/contact\/\"]}]},{\"@type\":\"BreadcrumbList\",\"@id\":\"https:\/\/estellehaussner.com\/fr\/contact\/#breadcrumb\",\"itemListElement\":[{\"@type\":\"ListItem\",\"position\":1,\"name\":\"Home\",\"item\":\"https:\/\/estellehaussner.com\/fr\/\"},{\"@type\":\"ListItem\",\"position\":2,\"name\":\"Contact\"}]},{\"@type\":\"WebSite\",\"@id\":\"https:\/\/estellehaussner.com\/fr\/#website\",\"url\":\"https:\/\/estellehaussner.com\/fr\/\",\"name\":\"Estelle Haussner\",\"description\":\"Mezzosopran &amp; Paarberatung\",\"potentialAction\":[{\"@type\":\"SearchAction\",\"target\":{\"@type\":\"EntryPoint\",\"urlTemplate\":\"https:\/\/estellehaussner.com\/fr\/?s={search_term_string}\"},\"query-input\":\"required name=search_term_string\"}],\"inLanguage\":\"fr-FR\"}]}<\/script>\n<!-- \/ Yoast SEO plugin. -->","yoast_head_json":{"title":"Contact - Estelle Haussner","description":"Contactez-moi par mon formulaire et par e-mail","robots":{"index":"index","follow":"follow","max-snippet":"max-snippet:-1","max-image-preview":"max-image-preview:large","max-video-preview":"max-video-preview:-1"},"canonical":"https:\/\/estellehaussner.com\/fr\/contact\/","og_locale":"fr_FR","og_type":"article","og_title":"Contact - Estelle Haussner","og_description":"Contactez-moi par mon formulaire et par e-mail","og_url":"https:\/\/estellehaussner.com\/fr\/contact\/","og_site_name":"Estelle Haussner","article_modified_time":"2023-03-15T12:52:34+00:00","twitter_card":"summary_large_image","twitter_misc":{"Dur\u00e9e de lecture estim\u00e9e":"4 minutes"},"schema":{"@context":"https:\/\/schema.org","@graph":[{"@type":"WebPage","@id":"https:\/\/estellehaussner.com\/fr\/contact\/","url":"https:\/\/estellehaussner.com\/fr\/contact\/","name":"Contact - Estelle Haussner","isPartOf":{"@id":"https:\/\/estellehaussner.com\/fr\/#website"},"datePublished":"2023-01-18T20:21:50+00:00","dateModified":"2023-03-15T12:52:34+00:00","description":"Contactez-moi par mon formulaire et par e-mail","breadcrumb":{"@id":"https:\/\/estellehaussner.com\/fr\/contact\/#breadcrumb"},"inLanguage":"fr-FR","potentialAction":[{"@type":"ReadAction","target":["https:\/\/estellehaussner.com\/fr\/contact\/"]}]},{"@type":"BreadcrumbList","@id":"https:\/\/estellehaussner.com\/fr\/contact\/#breadcrumb","itemListElement":[{"@type":"ListItem","position":1,"name":"Home","item":"https:\/\/estellehaussner.com\/fr\/"},{"@type":"ListItem","position":2,"name":"Contact"}]},{"@type":"WebSite","@id":"https:\/\/estellehaussner.com\/fr\/#website","url":"https:\/\/estellehaussner.com\/fr\/","name":"Estelle Haussner","description":"Mezzosopran &amp; Paarberatung","potentialAction":[{"@type":"SearchAction","target":{"@type":"EntryPoint","urlTemplate":"https:\/\/estellehaussner.com\/fr\/?s={search_term_string}"},"query-input":"required name=search_term_string"}],"inLanguage":"fr-FR"}]}},"_links":{"self":[{"href":"https:\/\/estellehaussner.com\/fr\/wp-json\/wp\/v2\/pages\/2129","targetHints":{"allow":["GET"]}}],"collection":[{"href":"https:\/\/estellehaussner.com\/fr\/wp-json\/wp\/v2\/pages"}],"about":[{"href":"https:\/\/estellehaussner.com\/fr\/wp-json\/wp\/v2\/types\/page"}],"author":[{"embeddable":true,"href":"https:\/\/estellehaussner.com\/fr\/wp-json\/wp\/v2\/users\/1"}],"replies":[{"embeddable":true,"href":"https:\/\/estellehaussner.com\/fr\/wp-json\/wp\/v2\/comments?post=2129"}],"version-history":[{"count":2,"href":"https:\/\/estellehaussner.com\/fr\/wp-json\/wp\/v2\/pages\/2129\/revisions"}],"predecessor-version":[{"id":2131,"href":"https:\/\/estellehaussner.com\/fr\/wp-json\/wp\/v2\/pages\/2129\/revisions\/2131"}],"wp:attachment":[{"href":"https:\/\/estellehaussner.com\/fr\/wp-json\/wp\/v2\/media?parent=2129"}],"curies":[{"name":"wp","href":"https:\/\/api.w.org\/{rel}","templated":true}]}}