{"id":2136,"date":"2023-01-18T21:18:47","date_gmt":"2023-01-18T20:18:47","guid":{"rendered":"https:\/\/estellehaussner.com\/repertoire\/"},"modified":"2023-03-16T18:37:00","modified_gmt":"2023-03-16T17:37:00","slug":"repertoire","status":"publish","type":"page","link":"https:\/\/estellehaussner.com\/fr\/repertoire\/","title":{"rendered":"R\u00e9pertoire"},"content":{"rendered":"<p>[et_pb_section fb_built=\u00a0\u00bb1&Prime; module_id=\u00a0\u00bbherosection\u00a0\u00bb _builder_version=\u00a0\u00bb4.19.4&Prime; _module_preset=\u00a0\u00bbdefault\u00a0\u00bb background_image=\u00a0\u00bbhttps:\/\/estellehaussner.com\/wp-content\/uploads\/2023\/01\/MIS_5677-1.jpg\u00a0\u00bb parallax=\u00a0\u00bbon\u00a0\u00bb parallax_method=\u00a0\u00bboff\u00a0\u00bb height=\u00a0\u00bb700px\u00a0\u00bb height_tablet=\u00a0\u00bb700px\u00a0\u00bb height_phone=\u00a0\u00bb500px\u00a0\u00bb height_last_edited=\u00a0\u00bbon|phone\u00a0\u00bb custom_margin=\u00a0\u00bb-25px||||false|false\u00a0\u00bb global_colors_info=\u00a0\u00bb{}\u00a0\u00bb][\/et_pb_section][et_pb_section fb_built=\u00a0\u00bb1&Prime; _builder_version=\u00a0\u00bb4.19.4&Prime; _module_preset=\u00a0\u00bbdefault\u00a0\u00bb custom_padding=\u00a0\u00bb0px||||false|false\u00a0\u00bb global_colors_info=\u00a0\u00bb{}\u00a0\u00bb][et_pb_row _builder_version=\u00a0\u00bb4.19.4&Prime; _module_preset=\u00a0\u00bbdefault\u00a0\u00bb custom_padding=\u00a0\u00bb0px||150px||false|false\u00a0\u00bb global_colors_info=\u00a0\u00bb{}\u00a0\u00bb][et_pb_column type=\u00a0\u00bb4_4&Prime; _builder_version=\u00a0\u00bb4.19.4&Prime; _module_preset=\u00a0\u00bbdefault\u00a0\u00bb global_colors_info=\u00a0\u00bb{}\u00a0\u00bb][et_pb_text _builder_version=\u00a0\u00bb4.19.4&Prime; _module_preset=\u00a0\u00bbdefault\u00a0\u00bb background_color=\u00a0\u00bb#BF2431&Prime; position_origin_a=\u00a0\u00bbtop_right\u00a0\u00bb vertical_offset=\u00a0\u00bb-225px\u00a0\u00bb text_orientation=\u00a0\u00bbcenter\u00a0\u00bb width=\u00a0\u00bb340px\u00a0\u00bb module_alignment=\u00a0\u00bbright\u00a0\u00bb height=\u00a0\u00bb340px\u00a0\u00bb custom_margin=\u00a0\u00bb||||false|false\u00a0\u00bb custom_padding=\u00a0\u00bb||||false|false\u00a0\u00bb scroll_rotating_enable=\u00a0\u00bbon\u00a0\u00bb module_alignment_tablet=\u00a0\u00bbright\u00a0\u00bb module_alignment_phone=\u00a0\u00bbcenter\u00a0\u00bb module_alignment_last_edited=\u00a0\u00bbon|phone\u00a0\u00bb custom_css_main_element=\u00a0\u00bbDisplay: flex;||justify-content: center;||align-items: center;||margin: auto;||padding-right: 30px;\u00a0\u00bb border_radii=\u00a0\u00bbon|50%|50%|50%|50%\u00a0\u00bb border_width_all=\u00a0\u00bb20px\u00a0\u00bb border_color_all=\u00a0\u00bb#ffffff\u00a0\u00bb global_colors_info=\u00a0\u00bb{}\u00a0\u00bb]<\/p>\n<h1>R\u00e9pertoire<\/h1>\n<p>[\/et_pb_text][\/et_pb_column][\/et_pb_row][\/et_pb_section][et_pb_section fb_built=\u00a0\u00bb1&Prime; _builder_version=\u00a0\u00bb4.19.4&Prime; _module_preset=\u00a0\u00bbdefault\u00a0\u00bb global_colors_info=\u00a0\u00bb{}\u00a0\u00bb][et_pb_row _builder_version=\u00a0\u00bb4.19.4&Prime; _module_preset=\u00a0\u00bbdefault\u00a0\u00bb global_colors_info=\u00a0\u00bb{}\u00a0\u00bb][et_pb_column type=\u00a0\u00bb4_4&Prime; _builder_version=\u00a0\u00bb4.19.4&Prime; _module_preset=\u00a0\u00bbdefault\u00a0\u00bb global_colors_info=\u00a0\u00bb{}\u00a0\u00bb][pac_dtm_parent pac_dtm_full_width=\u00a0\u00bbon\u00a0\u00bb pac_dtm_full_width_gap=\u00a0\u00bb0px\u00a0\u00bb pac_dtm_show_subtitle_active=\u00a0\u00bboff\u00a0\u00bb pac_dtm_show_icon_img_active=\u00a0\u00bboff\u00a0\u00bb pac_dtm_active_tab_background_color=\u00a0\u00bb#BF2431&Prime; pac_dtm_show_subtitle_inactive=\u00a0\u00bboff\u00a0\u00bb pac_dtm_show_icon_img_inactive=\u00a0\u00bboff\u00a0\u00bb pac_dtm_inactive_tab_background_color=\u00a0\u00bb#FFFFFF\u00a0\u00bb pac_dtm_tab_margin=\u00a0\u00bb0px|10px|20px|10px|false|true\u00a0\u00bb pac_dtm_content_bg_color=\u00a0\u00bb#FFFFFF\u00a0\u00bb pac_dtm_parent_icon_background_color_active=\u00a0\u00bb#BF2431&Prime; pac_dtm_parent_icon_color=\u00a0\u00bb#21130E\u00a0\u00bb pac_dtm_tabs_container_line_size=\u00a0\u00bb0px\u00a0\u00bb pac_dtm_tabs_container_bg_color=\u00a0\u00bbRGBA(255,255,255,0)\u00a0\u00bb pac_dtm_tabs_container_margin=\u00a0\u00bb0px|0px|10px|0px|false|false\u00a0\u00bb pac_dtm_tab_margin_tablet=\u00a0\u00bb0px|10px|20px|10px|false|true\u00a0\u00bb pac_dtm_tab_margin_phone=\u00a0\u00bb0px|10px|20px|10px|false|true\u00a0\u00bb pac_dtm_tab_margin_last_edited=\u00a0\u00bbon|phone\u00a0\u00bb _builder_version=\u00a0\u00bb4.20.1&Prime; _module_preset=\u00a0\u00bbdefault\u00a0\u00bb pac_dtm_tab_title_fonts_font=\u00a0\u00bbPhilosopher||||||||\u00a0\u00bb pac_dtm_tab_title_fonts_text_align=\u00a0\u00bbcenter\u00a0\u00bb pac_dtm_tab_title_fonts_text_color=\u00a0\u00bb#21130E\u00a0\u00bb pac_dtm_tab_title_fonts_font_size=\u00a0\u00bb23px\u00a0\u00bb pac_dtm_tab_title_fonts_letter_spacing=\u00a0\u00bb4px\u00a0\u00bb pac_dtm_active_tab_title_fonts_text_color=\u00a0\u00bb#FFFFFF\u00a0\u00bb background_color=\u00a0\u00bbRGBA(255,255,255,0)\u00a0\u00bb hover_enabled=\u00a0\u00bb0&Prime; border_width_all_pac_dtm_active_tab_border=\u00a0\u00bb2px\u00a0\u00bb border_color_all_pac_dtm_active_tab_border=\u00a0\u00bb#BF2431&Prime; border_radii_pac_dtm_tab_border=\u00a0\u00bbon|4px|4px|4px|4px\u00a0\u00bb border_width_all_pac_dtm_tab_border=\u00a0\u00bb2px\u00a0\u00bb border_color_all_pac_dtm_tab_border=\u00a0\u00bb#21130E\u00a0\u00bb border_radii_pac_dtm_tabs_container_border=\u00a0\u00bboff|8px|8px|0px|0px\u00a0\u00bb global_colors_info=\u00a0\u00bb{}\u00a0\u00bb pac_dtm_parent_icon_color__hover_enabled=\u00a0\u00bbon|hover\u00a0\u00bb pac_dtm_parent_icon_color__hover=\u00a0\u00bb#BF2431&Prime; pac_dtm_inactive_tab_background_color__hover_enabled=\u00a0\u00bbon|hover\u00a0\u00bb pac_dtm_inactive_tab_background_color__hover=\u00a0\u00bb#BF2431&Prime; pac_dtm_tab_title_fonts_text_color__hover_enabled=\u00a0\u00bbon|hover\u00a0\u00bb pac_dtm_tab_title_fonts_text_color__hover=\u00a0\u00bb#21130E\u00a0\u00bb border_color_all_pac_dtm_tab_border__hover_enabled=\u00a0\u00bbon|hover\u00a0\u00bb border_color_all_pac_dtm_tab_border__hover=\u00a0\u00bb#BF2431&Prime; sticky_enabled=\u00a0\u00bb0&Prime;][pac_dtm_child pac_dtm_tab_label=\u00a0\u00bbR\u00f4les chant\u00e9es sur sc\u00e8ne\u00a0\u00bb _builder_version=\u00a0\u00bb4.20.1&Prime; _module_preset=\u00a0\u00bbdefault\u00a0\u00bb hover_enabled=\u00a0\u00bb0&Prime; global_colors_info=\u00a0\u00bb{}\u00a0\u00bb sticky_enabled=\u00a0\u00bb0&Prime;]<\/p>\n<div id=\"footable_parent_1658\"\n         class=\" footable_parent ninja_table_wrapper loading_ninja_table wp_table_data_press_parent semantic_ui \">\n                <table data-ninja_table_instance=\"ninja_table_instance_0\" data-footable_id=\"1658\" data-filter-delay=\"1000\" aria-label=\"Estelle - Re\u0301pertoire chante\u0301e sur sce\u0300ne.csv\"            id=\"footable_1658\"\n           data-unique_identifier=\"ninja_table_unique_id_1689531609_1658\"\n           class=\" foo-table ninja_footable foo_table_1658 ninja_table_unique_id_1689531609_1658 ui table  nt_type_ajax_table vertical_centered  footable-paging-right hide_stacked_th ninja_table_search_disabled\">\n                <colgroup>\n                            <col class=\"ninja_column_0 \">\n                            <col class=\"ninja_column_1 \">\n                            <col class=\"ninja_column_2 \">\n                            <col class=\"ninja_column_3 \">\n                            <col class=\"ninja_column_4 \">\n                    <\/colgroup>\n            <\/table>\n                    <style type=\"text\/css\" id='ninja_table_custom_css_1658'>\n                        #footable_1658  {\n        font-family: inherit;\n        font-size: 14px;\n    }\n\n#footable_1658.ninja_stacked_table > tbody, #footable_1658.ninja_stacked_table {\n    background: transparent !important;\n}\n\n                <\/style>\n                \n    \n    \n<\/div>\n\n<p>[\/pac_dtm_child][pac_dtm_child pac_dtm_tab_label=\u00a0\u00bbR\u00e9pertoire\u00a0\u00bb _builder_version=\u00a0\u00bb4.20.1&Prime; _module_preset=\u00a0\u00bbdefault\u00a0\u00bb hover_enabled=\u00a0\u00bb0&Prime; global_colors_info=\u00a0\u00bb{}\u00a0\u00bb sticky_enabled=\u00a0\u00bb0&Prime;]<\/p>\n<div id=\"footable_parent_1660\"\n         class=\" footable_parent ninja_table_wrapper loading_ninja_table wp_table_data_press_parent semantic_ui \">\n                <table data-ninja_table_instance=\"ninja_table_instance_1\" data-footable_id=\"1660\" data-filter-delay=\"1000\" aria-label=\"Estelle - Repertoire e\u0301tudie\u0301 ope\u0301ra.csv\"            id=\"footable_1660\"\n           data-unique_identifier=\"ninja_table_unique_id_126290650_1660\"\n           class=\" foo-table ninja_footable foo_table_1660 ninja_table_unique_id_126290650_1660 ui table  nt_type_ajax_table vertical_centered  footable-paging-right hide_stacked_th ninja_table_search_disabled\">\n                <colgroup>\n                            <col class=\"ninja_column_0 \">\n                            <col class=\"ninja_column_1 \">\n                            <col class=\"ninja_column_2 \">\n                            <col class=\"ninja_column_3 \">\n                    <\/colgroup>\n            <\/table>\n                    <style type=\"text\/css\" id='ninja_table_custom_css_1658'>\n                        #footable_1658  {\n        font-family: inherit;\n        font-size: 14px;\n    }\n\n#footable_1658.ninja_stacked_table > tbody, #footable_1658.ninja_stacked_table {\n    background: transparent !important;\n}\n\n                <\/style>\n                                <style type=\"text\/css\" id='ninja_table_custom_css_1660'>\n                        #footable_1660  {\n        font-family: inherit;\n        font-size: 14px;\n    }\n\n#footable_1660.ninja_stacked_table > tbody, #footable_1660.ninja_stacked_table {\n    background: transparent !important;\n}\n\n                <\/style>\n                \n    \n    \n<\/div>\n\n<p>[\/pac_dtm_child][pac_dtm_child pac_dtm_tab_label=\u00a0\u00bbR\u00e9pertoire de concert et r\u00e9citals\u00a0\u00bb _builder_version=\u00a0\u00bb4.20.1&Prime; _module_preset=\u00a0\u00bbdefault\u00a0\u00bb hover_enabled=\u00a0\u00bb0&Prime; global_colors_info=\u00a0\u00bb{}\u00a0\u00bb sticky_enabled=\u00a0\u00bb0&Prime;]<\/p>\n<div id=\"footable_parent_1175\"\n         class=\" footable_parent ninja_table_wrapper loading_ninja_table wp_table_data_press_parent semantic_ui \">\n                <table data-ninja_table_instance=\"ninja_table_instance_2\" data-footable_id=\"1175\" data-filter-delay=\"1000\" aria-label=\"Estelle Haussner-Lied.csv\"            id=\"footable_1175\"\n           data-unique_identifier=\"ninja_table_unique_id_70914783_1175\"\n           class=\" foo-table ninja_footable foo_table_1175 ninja_table_unique_id_70914783_1175 ui table  nt_type_ajax_table vertical_centered  footable-paging-right hide_stacked_th ninja_table_search_disabled\">\n                <colgroup>\n                            <col class=\"ninja_column_0 \">\n                            <col class=\"ninja_column_1 \">\n                    <\/colgroup>\n            <\/table>\n                    <style type=\"text\/css\" id='ninja_table_custom_css_1658'>\n                        #footable_1658  {\n        font-family: inherit;\n        font-size: 14px;\n    }\n\n#footable_1658.ninja_stacked_table > tbody, #footable_1658.ninja_stacked_table {\n    background: transparent !important;\n}\n\n                <\/style>\n                                <style type=\"text\/css\" id='ninja_table_custom_css_1660'>\n                        #footable_1660  {\n        font-family: inherit;\n        font-size: 14px;\n    }\n\n#footable_1660.ninja_stacked_table > tbody, #footable_1660.ninja_stacked_table {\n    background: transparent !important;\n}\n\n                <\/style>\n                                <style type=\"text\/css\" id='ninja_table_custom_css_1175'>\n                        #footable_1175  {\n        font-family: inherit;\n        font-size: 14px;\n    }\n\n#footable_1175.ninja_stacked_table > tbody, #footable_1175.ninja_stacked_table {\n    background: transparent !important;\n}\n\n                <\/style>\n                \n    \n    \n<\/div>\n\n<p>[\/pac_dtm_child][\/pac_dtm_parent][et_pb_code _builder_version=\u00a0\u00bb4.19.4&Prime; _module_preset=\u00a0\u00bbdefault\u00a0\u00bb global_colors_info=\u00a0\u00bb{}\u00a0\u00bb][\/et_pb_code][\/et_pb_column][\/et_pb_row][\/et_pb_section]<\/p>\n","protected":false},"excerpt":{"rendered":"<p>R\u00e9pertoire<div class=\"et_pb_with_border et_pb_module pac_dtm_parent pac_dtm_parent_0\">\n\t\t\t\t\n\t\t\t\t\n\t\t\t\t\n\t\t\t\t\n\t\t\t\t\n\t\t\t\t\n\t\t\t\t<div class=\"et_pb_module_inner\">\n\t\t\t\t\t<div class=\"pac_dtm-wrapper pac_dtm-controls-bottom pac_dtm-controls-tablet-bottom pac_dtm-controls-phone-bottom\">\n                <div class=\"pac_dtm-controls pac_dtm-controls-off pac_dtm-controls-tablet-off pac_dtm-controls-phone-off\">\n                    <span class=\"pac_dtm-controls-single pac_dtm-prev\">Prev<\/span>\n                    <ul class=\"navs pac_dtm-navs\">\n                        \n                    <\/ul>\n                    <span class=\"pac_dtm-controls-single pac_dtm-next\">Next<\/span>\n                <\/div>\n                <div class=\"pac_dtm_container pac_dtm-top pac_dtm-tablet-top pac_dtm-phone-top pac_dtm-navstyle-hiddennav\"\n                data-pac_dtm_mobile_menu_icon=\"off\"\n                data-pac_dtm_tab_change_method=\"click\"\n                data-pac_dtm_tab_change_method_tablet=\"click\"\n                data-pac_dtm_tab_change_method_phone=\"click\"\n                data-pac_dtm_animation=\"off\"\n                data-pac_dtm_rotation=\"off\"\n                data-pac_dtm_rotation_tablet=\"off\"\n                data-pac_dtm_rotation_phone=\"off\"\n                data-pac_dtm_active_tab=\"1\"\n                data-pac_dtm_tabs_deeplinking=\"off\"\n                data-pac_dtm_animation_duration=\"500\"\n                data-pac_dtm_animation_effect=\"\"\n                data-pac_dtm_rotation_delay=\"3000\"\n                data-pac_dtm_rotation_onclick=\"off\">\n                    \n                    <ul class=\"pac_dtm_tabnav pac_dtm_tabnav-hidden-off pac_dtm_tabnav-hidden-tablet-off pac_dtm_tabnav-hidden-phone-off pac_dtm-fullwidth-\u00bbon pac_dtm-fullwidth-tablet-\u00bbon pac_dtm-fullwidth-phone-\u00bbon\">\n                        \n                    <\/ul>\n                    <div class=\"pac_dtm_child_container \">\n                        \n                    <\/div>\n                <\/div>\n            <\/div>\n\t\t\t\t<\/div>\n\t\t\t<\/div><\/p>\n","protected":false},"author":1,"featured_media":0,"parent":0,"menu_order":0,"comment_status":"closed","ping_status":"closed","template":"","meta":{"_et_pb_use_builder":"on","_et_pb_old_content":"","_et_gb_content_width":"","footnotes":""},"class_list":["post-2136","page","type-page","status-publish","hentry"],"yoast_head":"<!-- This site is optimized with the Yoast SEO plugin v20.3 - https:\/\/yoast.com\/wordpress\/plugins\/seo\/ -->\n<title>R\u00e9pertoire - Estelle Haussner<\/title>\n<meta name=\"description\" content=\"R\u00f4les chant\u00e9es sur sc\u00e8ne, r\u00e9pertoire, r\u00e9pertoire de concert et r\u00e9citals\" \/>\n<meta name=\"robots\" content=\"index, follow, max-snippet:-1, max-image-preview:large, max-video-preview:-1\" \/>\n<link rel=\"canonical\" href=\"https:\/\/estellehaussner.com\/fr\/repertoire\/\" \/>\n<meta property=\"og:locale\" content=\"fr_FR\" \/>\n<meta property=\"og:type\" content=\"article\" \/>\n<meta property=\"og:title\" content=\"R\u00e9pertoire - Estelle Haussner\" \/>\n<meta property=\"og:description\" content=\"R\u00f4les chant\u00e9es sur sc\u00e8ne, r\u00e9pertoire, r\u00e9pertoire de concert et r\u00e9citals\" \/>\n<meta property=\"og:url\" content=\"https:\/\/estellehaussner.com\/fr\/repertoire\/\" \/>\n<meta property=\"og:site_name\" content=\"Estelle Haussner\" \/>\n<meta property=\"article:modified_time\" content=\"2023-03-16T17:37:00+00:00\" \/>\n<meta name=\"twitter:card\" content=\"summary_large_image\" \/>\n<meta name=\"twitter:label1\" content=\"Dur\u00e9e de lecture estim\u00e9e\" \/>\n\t<meta name=\"twitter:data1\" content=\"3 minutes\" \/>\n<script type=\"application\/ld+json\" class=\"yoast-schema-graph\">{\"@context\":\"https:\/\/schema.org\",\"@graph\":[{\"@type\":\"WebPage\",\"@id\":\"https:\/\/estellehaussner.com\/fr\/repertoire\/\",\"url\":\"https:\/\/estellehaussner.com\/fr\/repertoire\/\",\"name\":\"R\u00e9pertoire - Estelle Haussner\",\"isPartOf\":{\"@id\":\"https:\/\/estellehaussner.com\/fr\/#website\"},\"datePublished\":\"2023-01-18T20:18:47+00:00\",\"dateModified\":\"2023-03-16T17:37:00+00:00\",\"description\":\"R\u00f4les chant\u00e9es sur sc\u00e8ne, r\u00e9pertoire, r\u00e9pertoire de concert et r\u00e9citals\",\"breadcrumb\":{\"@id\":\"https:\/\/estellehaussner.com\/fr\/repertoire\/#breadcrumb\"},\"inLanguage\":\"fr-FR\",\"potentialAction\":[{\"@type\":\"ReadAction\",\"target\":[\"https:\/\/estellehaussner.com\/fr\/repertoire\/\"]}]},{\"@type\":\"BreadcrumbList\",\"@id\":\"https:\/\/estellehaussner.com\/fr\/repertoire\/#breadcrumb\",\"itemListElement\":[{\"@type\":\"ListItem\",\"position\":1,\"name\":\"Home\",\"item\":\"https:\/\/estellehaussner.com\/fr\/\"},{\"@type\":\"ListItem\",\"position\":2,\"name\":\"R\u00e9pertoire\"}]},{\"@type\":\"WebSite\",\"@id\":\"https:\/\/estellehaussner.com\/fr\/#website\",\"url\":\"https:\/\/estellehaussner.com\/fr\/\",\"name\":\"Estelle Haussner\",\"description\":\"Mezzosopran &amp; Paarberatung\",\"potentialAction\":[{\"@type\":\"SearchAction\",\"target\":{\"@type\":\"EntryPoint\",\"urlTemplate\":\"https:\/\/estellehaussner.com\/fr\/?s={search_term_string}\"},\"query-input\":\"required name=search_term_string\"}],\"inLanguage\":\"fr-FR\"}]}<\/script>\n<!-- \/ Yoast SEO plugin. -->","yoast_head_json":{"title":"R\u00e9pertoire - Estelle Haussner","description":"R\u00f4les chant\u00e9es sur sc\u00e8ne, r\u00e9pertoire, r\u00e9pertoire de concert et r\u00e9citals","robots":{"index":"index","follow":"follow","max-snippet":"max-snippet:-1","max-image-preview":"max-image-preview:large","max-video-preview":"max-video-preview:-1"},"canonical":"https:\/\/estellehaussner.com\/fr\/repertoire\/","og_locale":"fr_FR","og_type":"article","og_title":"R\u00e9pertoire - Estelle Haussner","og_description":"R\u00f4les chant\u00e9es sur sc\u00e8ne, r\u00e9pertoire, r\u00e9pertoire de concert et r\u00e9citals","og_url":"https:\/\/estellehaussner.com\/fr\/repertoire\/","og_site_name":"Estelle Haussner","article_modified_time":"2023-03-16T17:37:00+00:00","twitter_card":"summary_large_image","twitter_misc":{"Dur\u00e9e de lecture estim\u00e9e":"3 minutes"},"schema":{"@context":"https:\/\/schema.org","@graph":[{"@type":"WebPage","@id":"https:\/\/estellehaussner.com\/fr\/repertoire\/","url":"https:\/\/estellehaussner.com\/fr\/repertoire\/","name":"R\u00e9pertoire - Estelle Haussner","isPartOf":{"@id":"https:\/\/estellehaussner.com\/fr\/#website"},"datePublished":"2023-01-18T20:18:47+00:00","dateModified":"2023-03-16T17:37:00+00:00","description":"R\u00f4les chant\u00e9es sur sc\u00e8ne, r\u00e9pertoire, r\u00e9pertoire de concert et r\u00e9citals","breadcrumb":{"@id":"https:\/\/estellehaussner.com\/fr\/repertoire\/#breadcrumb"},"inLanguage":"fr-FR","potentialAction":[{"@type":"ReadAction","target":["https:\/\/estellehaussner.com\/fr\/repertoire\/"]}]},{"@type":"BreadcrumbList","@id":"https:\/\/estellehaussner.com\/fr\/repertoire\/#breadcrumb","itemListElement":[{"@type":"ListItem","position":1,"name":"Home","item":"https:\/\/estellehaussner.com\/fr\/"},{"@type":"ListItem","position":2,"name":"R\u00e9pertoire"}]},{"@type":"WebSite","@id":"https:\/\/estellehaussner.com\/fr\/#website","url":"https:\/\/estellehaussner.com\/fr\/","name":"Estelle Haussner","description":"Mezzosopran &amp; Paarberatung","potentialAction":[{"@type":"SearchAction","target":{"@type":"EntryPoint","urlTemplate":"https:\/\/estellehaussner.com\/fr\/?s={search_term_string}"},"query-input":"required name=search_term_string"}],"inLanguage":"fr-FR"}]}},"_links":{"self":[{"href":"https:\/\/estellehaussner.com\/fr\/wp-json\/wp\/v2\/pages\/2136","targetHints":{"allow":["GET"]}}],"collection":[{"href":"https:\/\/estellehaussner.com\/fr\/wp-json\/wp\/v2\/pages"}],"about":[{"href":"https:\/\/estellehaussner.com\/fr\/wp-json\/wp\/v2\/types\/page"}],"author":[{"embeddable":true,"href":"https:\/\/estellehaussner.com\/fr\/wp-json\/wp\/v2\/users\/1"}],"replies":[{"embeddable":true,"href":"https:\/\/estellehaussner.com\/fr\/wp-json\/wp\/v2\/comments?post=2136"}],"version-history":[{"count":5,"href":"https:\/\/estellehaussner.com\/fr\/wp-json\/wp\/v2\/pages\/2136\/revisions"}],"predecessor-version":[{"id":2288,"href":"https:\/\/estellehaussner.com\/fr\/wp-json\/wp\/v2\/pages\/2136\/revisions\/2288"}],"wp:attachment":[{"href":"https:\/\/estellehaussner.com\/fr\/wp-json\/wp\/v2\/media?parent=2136"}],"curies":[{"name":"wp","href":"https:\/\/api.w.org\/{rel}","templated":true}]}}