{"id":2139,"date":"2023-01-18T21:18:26","date_gmt":"2023-01-18T20:18:26","guid":{"rendered":"https:\/\/estellehaussner.com\/mezzo-soprano-contralto\/"},"modified":"2023-03-16T10:37:13","modified_gmt":"2023-03-16T09:37:13","slug":"mezzo-soprano-contralto","status":"publish","type":"page","link":"https:\/\/estellehaussner.com\/fr\/mezzo-soprano-contralto\/","title":{"rendered":"Mezzo-soprano\/Contralto"},"content":{"rendered":"<p>[et_pb_section fb_built=\u00a0\u00bb1&Prime; module_id=\u00a0\u00bbherosection\u00a0\u00bb _builder_version=\u00a0\u00bb4.19.4&Prime; _module_preset=\u00a0\u00bbdefault\u00a0\u00bb background_image=\u00a0\u00bbhttps:\/\/estellehaussner.com\/wp-content\/uploads\/2023\/01\/Estelle-Haussner-108-1.jpg\u00a0\u00bb parallax=\u00a0\u00bbon\u00a0\u00bb parallax_method=\u00a0\u00bboff\u00a0\u00bb height=\u00a0\u00bb700px\u00a0\u00bb custom_margin_tablet=\u00a0\u00bb\u00a0\u00bb custom_margin_phone=\u00a0\u00bb-25px||||false|false\u00a0\u00bb custom_margin_last_edited=\u00a0\u00bbon|phone\u00a0\u00bb global_colors_info=\u00a0\u00bb{}\u00a0\u00bb][\/et_pb_section][et_pb_section fb_built=\u00a0\u00bb1&Prime; _builder_version=\u00a0\u00bb4.19.4&Prime; _module_preset=\u00a0\u00bbdefault\u00a0\u00bb custom_padding=\u00a0\u00bb0px||||false|false\u00a0\u00bb global_colors_info=\u00a0\u00bb{}\u00a0\u00bb][et_pb_row _builder_version=\u00a0\u00bb4.19.4&Prime; _module_preset=\u00a0\u00bbdefault\u00a0\u00bb module_alignment=\u00a0\u00bbcenter\u00a0\u00bb custom_margin=\u00a0\u00bb0px||200px||false|false\u00a0\u00bb global_colors_info=\u00a0\u00bb{}\u00a0\u00bb][et_pb_column type=\u00a0\u00bb4_4&Prime; _builder_version=\u00a0\u00bb4.19.4&Prime; _module_preset=\u00a0\u00bbdefault\u00a0\u00bb global_colors_info=\u00a0\u00bb{}\u00a0\u00bb][et_pb_text _builder_version=\u00a0\u00bb4.20.1&Prime; _module_preset=\u00a0\u00bbdefault\u00a0\u00bb header_2_font=\u00a0\u00bb|||on|||||\u00a0\u00bb header_2_letter_spacing=\u00a0\u00bb-2px\u00a0\u00bb header_3_font=\u00a0\u00bb|||on|||||\u00a0\u00bb header_3_font_size=\u00a0\u00bb24px\u00a0\u00bb header_4_font=\u00a0\u00bb|||on|||||\u00a0\u00bb background_color=\u00a0\u00bb#BF2431&Prime; positioning=\u00a0\u00bbabsolute\u00a0\u00bb position_origin_a=\u00a0\u00bbtop_right\u00a0\u00bb vertical_offset=\u00a0\u00bb-175px\u00a0\u00bb text_orientation=\u00a0\u00bbcenter\u00a0\u00bb width=\u00a0\u00bb340px\u00a0\u00bb height=\u00a0\u00bb340px\u00a0\u00bb custom_margin=\u00a0\u00bb||||false|false\u00a0\u00bb custom_padding=\u00a0\u00bb|||30px|false|false\u00a0\u00bb scroll_rotating_enable=\u00a0\u00bbon\u00a0\u00bb module_alignment_tablet=\u00a0\u00bbright\u00a0\u00bb module_alignment_phone=\u00a0\u00bbcenter\u00a0\u00bb module_alignment_last_edited=\u00a0\u00bbon|phone\u00a0\u00bb custom_css_main_element=\u00a0\u00bbDisplay: flex;||justify-content: center;||align-items: center;||margin: auto;||padding-right: 30px;\u00a0\u00bb border_radii=\u00a0\u00bbon|50%|50%|50%|50%\u00a0\u00bb border_width_all=\u00a0\u00bb20px\u00a0\u00bb border_color_all=\u00a0\u00bb#ffffff\u00a0\u00bb global_colors_info=\u00a0\u00bb{}\u00a0\u00bb]<\/p>\n<h1>Mezzo\/<\/h1>\n<h4>Contralto<\/h4>\n<p>[\/et_pb_text][\/et_pb_column][\/et_pb_row][et_pb_row module_class=\u00a0\u00bbstatement_row\u00a0\u00bb _builder_version=\u00a0\u00bb4.19.4&Prime; _module_preset=\u00a0\u00bbdefault\u00a0\u00bb width=\u00a0\u00bb60%\u00a0\u00bb width_tablet=\u00a0\u00bb80%\u00a0\u00bb width_phone=\u00a0\u00bb80%\u00a0\u00bb width_last_edited=\u00a0\u00bbon|tablet\u00a0\u00bb border_color_all=\u00a0\u00bb#BF8069&Prime; global_colors_info=\u00a0\u00bb{}\u00a0\u00bb][et_pb_column type=\u00a0\u00bb4_4&Prime; _builder_version=\u00a0\u00bb4.16&Prime; _module_preset=\u00a0\u00bbdefault\u00a0\u00bb global_colors_info=\u00a0\u00bb{}\u00a0\u00bb][et_pb_text module_class=\u00a0\u00bbstatement\u00a0\u00bb _builder_version=\u00a0\u00bb4.19.4&Prime; _module_preset=\u00a0\u00bbdefault\u00a0\u00bb text_font=\u00a0\u00bb||||||||\u00a0\u00bb text_text_color=\u00a0\u00bb#08070D\u00a0\u00bb text_font_size=\u00a0\u00bb20px\u00a0\u00bb header_font=\u00a0\u00bbavenir light||||||||\u00a0\u00bb text_orientation=\u00a0\u00bbcenter\u00a0\u00bb animation_style=\u00a0\u00bbzoom\u00a0\u00bb animation_intensity_zoom=\u00a0\u00bb10%\u00a0\u00bb global_colors_info=\u00a0\u00bb{}\u00a0\u00bb]<\/p>\n<p>La mezzo-soprano franco-allemande Estelle Haussner impressionne par son timbre rond et plein et sa ligne riche en couleurs. Son go\u00fbt prononc\u00e9 pour le jeu lui permet de briller avec naturel dans tous les r\u00f4les. Elle s&rsquo;est fix\u00e9 comme objectif artistique de faire de chaque concert, r\u00e9cital ou op\u00e9ra un moment unique pour le public.<\/p>\n<p>Son bilinguisme marque sa vie et sa cr\u00e9ation artistique, puisqu&rsquo;elle se fait entendre aussi bien en Allemagne qu&rsquo;en France et se consid\u00e8re comme une ambassadrice des deux sph\u00e8res culturelles.<\/p>\n<p>[\/et_pb_text][\/et_pb_column][\/et_pb_row][et_pb_row _builder_version=\u00a0\u00bb4.19.4&Prime; _module_preset=\u00a0\u00bbdefault\u00a0\u00bb global_colors_info=\u00a0\u00bb{}\u00a0\u00bb][et_pb_column type=\u00a0\u00bb4_4&Prime; _builder_version=\u00a0\u00bb4.19.4&Prime; _module_preset=\u00a0\u00bbdefault\u00a0\u00bb global_colors_info=\u00a0\u00bb{}\u00a0\u00bb][et_pb_divider color=\u00a0\u00bb#BF2431&Prime; divider_weight=\u00a0\u00bb3px\u00a0\u00bb _builder_version=\u00a0\u00bb4.19.4&Prime; _module_preset=\u00a0\u00bbdefault\u00a0\u00bb width=\u00a0\u00bb120px\u00a0\u00bb module_alignment=\u00a0\u00bbcenter\u00a0\u00bb global_colors_info=\u00a0\u00bb{}\u00a0\u00bb][\/et_pb_divider][\/et_pb_column][\/et_pb_row][et_pb_row _builder_version=\u00a0\u00bb4.19.4&Prime; _module_preset=\u00a0\u00bbdefault\u00a0\u00bb global_colors_info=\u00a0\u00bb{}\u00a0\u00bb][et_pb_column type=\u00a0\u00bb4_4&Prime; _builder_version=\u00a0\u00bb4.19.4&Prime; _module_preset=\u00a0\u00bbdefault\u00a0\u00bb global_colors_info=\u00a0\u00bb{}\u00a0\u00bb][et_pb_text _builder_version=\u00a0\u00bb4.19.4&Prime; _module_preset=\u00a0\u00bbdefault\u00a0\u00bb animation_style=\u00a0\u00bbzoom\u00a0\u00bb animation_intensity_zoom=\u00a0\u00bb10%\u00a0\u00bb custom_css_main_element=\u00a0\u00bbcolumn-count: 2;||column-gap: 40px\u00a0\u00bb global_colors_info=\u00a0\u00bb{}\u00a0\u00bb custom_css_main_element_last_edited=\u00a0\u00bbon|tablet\u00a0\u00bb custom_css_main_element_tablet=\u00a0\u00bbcolumn-count: 1;||\u00a0\u00bb custom_css_main_element_phone=\u00a0\u00bbcolumn-count: 1;||\u00a0\u00bb]<\/p>\n<p data-pm-slice=\"1 1 []\"><strong>La mezzo-soprano franco-allemande Estelle Haussner est n\u00e9e \u00e0 Stuttgart, mais a grandi \u00e0 Montpellier en France.<\/strong> \u00c0 l&rsquo;\u00e2ge de 5 ans, elle a commenc\u00e9 \u00e0 chanter dans le ch\u0153ur d&rsquo;enfants du Staatsoper de Stuttgart, puis en France avec Op\u00e9ra Junior. C&rsquo;\u00e9taient ses premiers pas sur la sc\u00e8ne d&rsquo;op\u00e9ra. A cela s&rsquo;ajoutent des \u00e9tudes priv\u00e9es de piano ainsi qu&rsquo;une ann\u00e9e dans le ballet pour enfants de l&rsquo;Op\u00e9ra national de Stuttgart.<br \/>En France, elle obtient son premier dipl\u00f4me de philologie allemande et anglaise avant d&rsquo;\u00e9tudier le chant lyrique \u00e0 la Hochschule f\u00fcr Musik und Tanz de Cologne, d&rsquo;abord dans la classe de Mario Hoff, ensuite aupr\u00e8s de Robert Schunk. Pendant ses \u00e9tudes, elle fait ses<strong>d\u00e9buts au Theater d&rsquo;Aix-la-Chapelle dans le r\u00f4le de Maman et de la lib\u00e9lulle dans \u00ab\u00a0l&rsquo;enfant et les sortil\u00e8ges\u00a0\u00bb de Maurice Ravel.<\/strong> Elle incarne le prince Orlofsky dans la Chauve-souris \u00e0 la HfMT de Cologne et a chant\u00e9 sa premi\u00e8re troisi\u00e8me dame dans la Fl\u00fbte enchant\u00e9e \u00e0 l&rsquo;Op\u00e9ra de chambre de Cologne.<br \/><strong>Apr\u00e8s ses \u00e9tudes, elle obtient son premier engagement dans les ch\u0153urs de l&rsquo;Op\u00e9ra de Leipzig.<\/strong><\/p>\n<p>Elle y chante ses premiers r\u00f4les soliste, comme la jeune fille aux fleurs dans le Freisch\u00fctz et la f\u00e9e Po\u00e9sis dans l&rsquo;op\u00e9ra inachev\u00e9 de Humperdinck, \u00ab\u00a0la belle au bois dormant\u00a0\u00bb, avec l&rsquo;orchestre du Gewandhaus sous la direction de Christoph Gedschold et Anthony Bramall. Avec l&rsquo;Orchestre d&rsquo;\u00e9t\u00e9 de Leipzig, elle chante Flora dans la \u00ab\u00a0Traviata\u00a0\u00bb de Verdi sous la direction d&rsquo;Eva Meitner.<\/p>\n<p><strong>En 2016, elle arrive en finale du pr\u00e9stigieux concours f\u00e9d\u00e9ral de chant de Berlin.<\/strong> La m\u00eame ann\u00e9e, elle obtient une bourse artistique de l&rsquo;\u00c9tat de Saxe en Allemagne.<\/p>\n<p>[\/et_pb_text][\/et_pb_column][\/et_pb_row][\/et_pb_section][et_pb_section fb_built=\u00a0\u00bb1&Prime; _builder_version=\u00a0\u00bb4.19.4&Prime; _module_preset=\u00a0\u00bbdefault\u00a0\u00bb use_background_color_gradient=\u00a0\u00bbon\u00a0\u00bb background_color_gradient_stops=\u00a0\u00bbrgba(33,19,14,0.08) 1%|rgba(33,19,14,0.08) 100%\u00a0\u00bb background_color_gradient_overlays_image=\u00a0\u00bbon\u00a0\u00bb background_image=\u00a0\u00bbhttps:\/\/estellehaussner.com\/wp-content\/uploads\/2023\/01\/Estelle-Haussner-91.jpg\u00a0\u00bb parallax=\u00a0\u00bbon\u00a0\u00bb parallax_method=\u00a0\u00bboff\u00a0\u00bb height=\u00a0\u00bb700px\u00a0\u00bb bottom_divider_flip=\u00a0\u00bbhorizontal\u00a0\u00bb global_colors_info=\u00a0\u00bb{}\u00a0\u00bb][et_pb_row _builder_version=\u00a0\u00bb4.19.4&Prime; _module_preset=\u00a0\u00bbdefault\u00a0\u00bb global_colors_info=\u00a0\u00bb{}\u00a0\u00bb][et_pb_column type=\u00a0\u00bb4_4&Prime; _builder_version=\u00a0\u00bb4.19.4&Prime; _module_preset=\u00a0\u00bbdefault\u00a0\u00bb global_colors_info=\u00a0\u00bb{}\u00a0\u00bb][et_pb_testimonial author=\u00a0\u00bbNeue Musik Zeitung, 03.09.2017&Prime; quote_icon=\u00a0\u00bboff\u00a0\u00bb module_class=\u00a0\u00bbstatement\u00a0\u00bb _builder_version=\u00a0\u00bb4.20.1&Prime; _module_preset=\u00a0\u00bbdefault\u00a0\u00bb body_font=\u00a0\u00bb||on||||||\u00a0\u00bb body_text_align=\u00a0\u00bbcenter\u00a0\u00bb body_text_color=\u00a0\u00bb#FFFFFF\u00a0\u00bb body_font_size=\u00a0\u00bb25px\u00a0\u00bb author_font=\u00a0\u00bb|600|||||||\u00a0\u00bb author_text_align=\u00a0\u00bbright\u00a0\u00bb author_text_color=\u00a0\u00bb#FFFFFF\u00a0\u00bb background_color=\u00a0\u00bbRGBA(255,255,255,0)\u00a0\u00bb max_width=\u00a0\u00bb800px\u00a0\u00bb module_alignment=\u00a0\u00bbcenter\u00a0\u00bb custom_padding=\u00a0\u00bb250px||||false|false\u00a0\u00bb global_colors_info=\u00a0\u00bb{}\u00a0\u00bb]<\/p>\n<p>\u00ab\u00a0l&rsquo;int\u00e9raction musicale et sc\u00e9nique avec la Mezzosoprano Estelle Haussner, pleine de substance et de vitalit\u00e9, est r\u00e9jouissante\u00a0\u00bb.<\/p>\n<p>[\/et_pb_testimonial][\/et_pb_column][\/et_pb_row][\/et_pb_section][et_pb_section fb_built=\u00a0\u00bb1&Prime; _builder_version=\u00a0\u00bb4.19.4&Prime; _module_preset=\u00a0\u00bbdefault\u00a0\u00bb global_colors_info=\u00a0\u00bb{}\u00a0\u00bb][et_pb_row _builder_version=\u00a0\u00bb4.19.4&Prime; _module_preset=\u00a0\u00bbdefault\u00a0\u00bb global_colors_info=\u00a0\u00bb{}\u00a0\u00bb][et_pb_column type=\u00a0\u00bb4_4&Prime; _builder_version=\u00a0\u00bb4.19.4&Prime; _module_preset=\u00a0\u00bbdefault\u00a0\u00bb global_colors_info=\u00a0\u00bb{}\u00a0\u00bb][et_pb_text _builder_version=\u00a0\u00bb4.19.4&Prime; _module_preset=\u00a0\u00bbdefault\u00a0\u00bb animation_style=\u00a0\u00bbzoom\u00a0\u00bb animation_intensity_zoom=\u00a0\u00bb10%\u00a0\u00bb custom_css_main_element=\u00a0\u00bbcolumn-count: 2;||column-gap: 40px\u00a0\u00bb global_colors_info=\u00a0\u00bb{}\u00a0\u00bb custom_css_main_element_last_edited=\u00a0\u00bbon|tablet\u00a0\u00bb custom_css_main_element_tablet=\u00a0\u00bbcolumn-count: 1;||\u00a0\u00bb custom_css_main_element_phone=\u00a0\u00bbcolumn-count: 1;||\u00a0\u00bb]<\/p>\n<p><strong>\u00c0 l&rsquo;Op\u00e9ra de Leipzig, elle incarne la nourrice Alisa dans \u00ab\u00a0Lucie de Lammermoor\u00a0\u00bb de Donizetti au cours de la saison 2017\/2018, \u00e0 nouveau sous la direction d&rsquo;Antony Bramall.<\/strong> <strong>Dans le cadre d&rsquo;un projet sp\u00e9cial de musique contemporaine de l&rsquo;Op\u00e9ra de Leipzig, elle chante la partie d&rsquo;alto des \u00ab\u00a0Aventures\u00a0\u00bb de Ligeti, mis en sc\u00e8ne par Kristof Spiewok dans l&rsquo;azzione theatrale \u00ab\u00a0Au revoir, Euridice\u00a0\u00bb.<\/strong> Le festival d&rsquo;op\u00e9ra de N\u00fcrtingen l&rsquo;engage dans le r\u00f4le de la veuve Browe dans l&rsquo;op\u00e9rette \u00ab\u00a0Tsar et charpentier\u00a0\u00bb. Suivront en 2022 la troisi\u00e8me dame au festival d&rsquo;\u00e9t\u00e9 Eva Ganizate en France et le r\u00f4le de Filippnieva dans Eug\u00e8ne On\u00e9guine de Tcha\u00efkovski \u00e0 la Philharmonie de Zavatem \u00e0 Bruxelles.<br \/>\u00c0 Leipzig, elle se consacre au r\u00e9pertoire de concert avec les requiems de Mozart et de Schumann. Elle interpr\u00e9te les parties d&rsquo;alto dans l&rsquo;Oratorio de No\u00ebl de Bach, le Stabat mater de Pergol\u00e8se, ainsi que le \u00ab\u00a0Christ ressuscit\u00e9\u00a0\u00bb de Gustav Schreck sous la direction de Fabian Enders avec l&rsquo;Orchestre philharmonique du th\u00e9\u00e2tre national de Cottbus.<br \/>Dans ses r\u00e9citals, Estelle Haussner se consacre au r\u00e9pertoire fran\u00e7ais d&rsquo; <strong>Ernest Chausson et Maurice Ravel. Des master-classes avec Isabelle Aboulkehr, Dalia Schaechter, Maciej Pikulski et Ingeborg Danz ont compl\u00e9t\u00e9 sa formation.<\/strong><br \/>Depuis un an, la mezzo-soprano s&rsquo;est engag\u00e9e dans une nouvelle voie d&rsquo;apprentissage avec le r\u00e9pertoire d&rsquo;op\u00e9ra de Giuseppe Verdi. Ce r\u00e9pertoire fait augmenter son expressivit\u00e9 et sa joie de jouer et pose de nouveaux jalons sur le plan vocal.<\/p>\n<p>La mezzo-soprano vit actuellement en Rh\u00e9nanie-du-Nord-Westphalie avec son mari et ses deux enfants, auxquels elle doit une grande partie de son d\u00e9veloppement musical et artistique.<\/p>\n<p>Vous pouvez la contacter directement ici ou vous adresser aux agences Hollaender- Calix (Vienne), Agentur B\u00fchnenreif (Leipzig) et Zelaya Artists (Bruxelles).<\/p>\n<p>[\/et_pb_text][\/et_pb_column][\/et_pb_row][et_pb_row _builder_version=\u00a0\u00bb4.19.4&Prime; _module_preset=\u00a0\u00bbdefault\u00a0\u00bb global_colors_info=\u00a0\u00bb{}\u00a0\u00bb][et_pb_column type=\u00a0\u00bb4_4&Prime; _builder_version=\u00a0\u00bb4.19.4&Prime; _module_preset=\u00a0\u00bbdefault\u00a0\u00bb global_colors_info=\u00a0\u00bb{}\u00a0\u00bb][et_pb_button button_url=\u00a0\u00bbhttps:\/\/estellehaussner.com\/fr\/contact\/\u00a0\u00bb button_text=\u00a0\u00bbContact\u00a0\u00bb button_alignment=\u00a0\u00bbcenter\u00a0\u00bb _builder_version=\u00a0\u00bb4.19.4&Prime; _module_preset=\u00a0\u00bb90b38ea4-e5e8-45e9-b734-68447b7b610c\u00a0\u00bb global_colors_info=\u00a0\u00bb{}\u00a0\u00bb][\/et_pb_button][\/et_pb_column][\/et_pb_row][\/et_pb_section]<\/p>\n","protected":false},"excerpt":{"rendered":"<p>Mezzo\/ ContraltoLa mezzo-soprano franco-allemande Estelle Haussner impressionne par son timbre rond et plein et sa ligne riche en couleurs. Son go\u00fbt prononc\u00e9 pour le jeu lui permet de briller avec [&hellip;]<\/p>\n","protected":false},"author":1,"featured_media":0,"parent":0,"menu_order":0,"comment_status":"closed","ping_status":"closed","template":"","meta":{"_et_pb_use_builder":"on","_et_pb_old_content":"","_et_gb_content_width":"","footnotes":""},"class_list":["post-2139","page","type-page","status-publish","hentry"],"yoast_head":"<!-- This site is optimized with the Yoast SEO plugin v20.3 - https:\/\/yoast.com\/wordpress\/plugins\/seo\/ -->\n<title>Mezzo-soprano\/Contralto - Estelle Haussner<\/title>\n<meta name=\"description\" content=\"Mezzosoprano\/Contralto : cantatrice au timbre rond et color\u00e9 avec des graves impressionnants\" \/>\n<meta name=\"robots\" content=\"index, follow, max-snippet:-1, max-image-preview:large, max-video-preview:-1\" \/>\n<link rel=\"canonical\" href=\"https:\/\/estellehaussner.com\/fr\/mezzo-soprano-contralto\/\" \/>\n<meta property=\"og:locale\" content=\"fr_FR\" \/>\n<meta property=\"og:type\" content=\"article\" \/>\n<meta property=\"og:title\" content=\"Mezzo-soprano\/Contralto - Estelle Haussner\" \/>\n<meta property=\"og:description\" content=\"Mezzosoprano\/Contralto : cantatrice au timbre rond et color\u00e9 avec des graves impressionnants\" \/>\n<meta property=\"og:url\" content=\"https:\/\/estellehaussner.com\/fr\/mezzo-soprano-contralto\/\" \/>\n<meta property=\"og:site_name\" content=\"Estelle Haussner\" \/>\n<meta property=\"article:modified_time\" content=\"2023-03-16T09:37:13+00:00\" \/>\n<meta name=\"twitter:card\" content=\"summary_large_image\" \/>\n<meta name=\"twitter:label1\" content=\"Dur\u00e9e de lecture estim\u00e9e\" \/>\n\t<meta name=\"twitter:data1\" content=\"7 minutes\" \/>\n<script type=\"application\/ld+json\" class=\"yoast-schema-graph\">{\"@context\":\"https:\/\/schema.org\",\"@graph\":[{\"@type\":\"WebPage\",\"@id\":\"https:\/\/estellehaussner.com\/fr\/mezzo-soprano-contralto\/\",\"url\":\"https:\/\/estellehaussner.com\/fr\/mezzo-soprano-contralto\/\",\"name\":\"Mezzo-soprano\/Contralto - Estelle Haussner\",\"isPartOf\":{\"@id\":\"https:\/\/estellehaussner.com\/fr\/#website\"},\"datePublished\":\"2023-01-18T20:18:26+00:00\",\"dateModified\":\"2023-03-16T09:37:13+00:00\",\"description\":\"Mezzosoprano\/Contralto : cantatrice au timbre rond et color\u00e9 avec des graves impressionnants\",\"breadcrumb\":{\"@id\":\"https:\/\/estellehaussner.com\/fr\/mezzo-soprano-contralto\/#breadcrumb\"},\"inLanguage\":\"fr-FR\",\"potentialAction\":[{\"@type\":\"ReadAction\",\"target\":[\"https:\/\/estellehaussner.com\/fr\/mezzo-soprano-contralto\/\"]}]},{\"@type\":\"BreadcrumbList\",\"@id\":\"https:\/\/estellehaussner.com\/fr\/mezzo-soprano-contralto\/#breadcrumb\",\"itemListElement\":[{\"@type\":\"ListItem\",\"position\":1,\"name\":\"Home\",\"item\":\"https:\/\/estellehaussner.com\/fr\/\"},{\"@type\":\"ListItem\",\"position\":2,\"name\":\"Mezzo-soprano\/Contralto\"}]},{\"@type\":\"WebSite\",\"@id\":\"https:\/\/estellehaussner.com\/fr\/#website\",\"url\":\"https:\/\/estellehaussner.com\/fr\/\",\"name\":\"Estelle Haussner\",\"description\":\"Mezzosopran &amp; Paarberatung\",\"potentialAction\":[{\"@type\":\"SearchAction\",\"target\":{\"@type\":\"EntryPoint\",\"urlTemplate\":\"https:\/\/estellehaussner.com\/fr\/?s={search_term_string}\"},\"query-input\":\"required name=search_term_string\"}],\"inLanguage\":\"fr-FR\"}]}<\/script>\n<!-- \/ Yoast SEO plugin. -->","yoast_head_json":{"title":"Mezzo-soprano\/Contralto - Estelle Haussner","description":"Mezzosoprano\/Contralto : cantatrice au timbre rond et color\u00e9 avec des graves impressionnants","robots":{"index":"index","follow":"follow","max-snippet":"max-snippet:-1","max-image-preview":"max-image-preview:large","max-video-preview":"max-video-preview:-1"},"canonical":"https:\/\/estellehaussner.com\/fr\/mezzo-soprano-contralto\/","og_locale":"fr_FR","og_type":"article","og_title":"Mezzo-soprano\/Contralto - Estelle Haussner","og_description":"Mezzosoprano\/Contralto : cantatrice au timbre rond et color\u00e9 avec des graves impressionnants","og_url":"https:\/\/estellehaussner.com\/fr\/mezzo-soprano-contralto\/","og_site_name":"Estelle Haussner","article_modified_time":"2023-03-16T09:37:13+00:00","twitter_card":"summary_large_image","twitter_misc":{"Dur\u00e9e de lecture estim\u00e9e":"7 minutes"},"schema":{"@context":"https:\/\/schema.org","@graph":[{"@type":"WebPage","@id":"https:\/\/estellehaussner.com\/fr\/mezzo-soprano-contralto\/","url":"https:\/\/estellehaussner.com\/fr\/mezzo-soprano-contralto\/","name":"Mezzo-soprano\/Contralto - Estelle Haussner","isPartOf":{"@id":"https:\/\/estellehaussner.com\/fr\/#website"},"datePublished":"2023-01-18T20:18:26+00:00","dateModified":"2023-03-16T09:37:13+00:00","description":"Mezzosoprano\/Contralto : cantatrice au timbre rond et color\u00e9 avec des graves impressionnants","breadcrumb":{"@id":"https:\/\/estellehaussner.com\/fr\/mezzo-soprano-contralto\/#breadcrumb"},"inLanguage":"fr-FR","potentialAction":[{"@type":"ReadAction","target":["https:\/\/estellehaussner.com\/fr\/mezzo-soprano-contralto\/"]}]},{"@type":"BreadcrumbList","@id":"https:\/\/estellehaussner.com\/fr\/mezzo-soprano-contralto\/#breadcrumb","itemListElement":[{"@type":"ListItem","position":1,"name":"Home","item":"https:\/\/estellehaussner.com\/fr\/"},{"@type":"ListItem","position":2,"name":"Mezzo-soprano\/Contralto"}]},{"@type":"WebSite","@id":"https:\/\/estellehaussner.com\/fr\/#website","url":"https:\/\/estellehaussner.com\/fr\/","name":"Estelle Haussner","description":"Mezzosopran &amp; Paarberatung","potentialAction":[{"@type":"SearchAction","target":{"@type":"EntryPoint","urlTemplate":"https:\/\/estellehaussner.com\/fr\/?s={search_term_string}"},"query-input":"required name=search_term_string"}],"inLanguage":"fr-FR"}]}},"_links":{"self":[{"href":"https:\/\/estellehaussner.com\/fr\/wp-json\/wp\/v2\/pages\/2139","targetHints":{"allow":["GET"]}}],"collection":[{"href":"https:\/\/estellehaussner.com\/fr\/wp-json\/wp\/v2\/pages"}],"about":[{"href":"https:\/\/estellehaussner.com\/fr\/wp-json\/wp\/v2\/types\/page"}],"author":[{"embeddable":true,"href":"https:\/\/estellehaussner.com\/fr\/wp-json\/wp\/v2\/users\/1"}],"replies":[{"embeddable":true,"href":"https:\/\/estellehaussner.com\/fr\/wp-json\/wp\/v2\/comments?post=2139"}],"version-history":[{"count":5,"href":"https:\/\/estellehaussner.com\/fr\/wp-json\/wp\/v2\/pages\/2139\/revisions"}],"predecessor-version":[{"id":2181,"href":"https:\/\/estellehaussner.com\/fr\/wp-json\/wp\/v2\/pages\/2139\/revisions\/2181"}],"wp:attachment":[{"href":"https:\/\/estellehaussner.com\/fr\/wp-json\/wp\/v2\/media?parent=2139"}],"curies":[{"name":"wp","href":"https:\/\/api.w.org\/{rel}","templated":true}]}}